{"id":57,"date":"2025-05-13T13:59:16","date_gmt":"2025-05-13T13:59:16","guid":{"rendered":"https:\/\/divolandiaweddings.com\/?page_id=57"},"modified":"2025-08-05T15:34:22","modified_gmt":"2025-08-05T15:34:22","slug":"nosotros","status":"publish","type":"page","link":"https:\/\/divolandiaweddings.com\/en\/nosotros\/","title":{"rendered":"ABOUT US"},"content":{"rendered":"<p><\/p>\n\n\n\n<h3 class=\"wp-block-heading\">\ud83c\udf99\ufe0f About Us<\/h3>\n\n\n\n<p><strong>Behind every song there is a real story.<\/strong><br>And behind every story, is the team at <strong>DIVO WEDDINGS<\/strong> \u2014 composers, musicians and producers united by one passion: transforming emotions into melodies that last forever.<\/p>\n\n\n\n<p>Since its founding, the company has had one clear goal: <strong>creating unique songs for unique moments<\/strong>. Specialized in weddings, they dedicate themselves to composing original songs inspired by the real experiences, stories and feelings of each couple.<\/p>\n\n\n\n<p>Every song is born from an intimate and personalized process. The team listens, asks, connects with people and transforms lived experiences into a musical piece that moves from the very first note. Whether for a first dance, a surprise for the couple or an unforgettable gift for loved ones, their work goes beyond music: <strong>it is memory made into art<\/strong>.<\/p>\n\n\n\n<p>With a blend of sensitivity, technique and commitment, <strong>DIVO WEDDINGS<\/strong> they have accompanied dozens of couples on one of the most important days of their lives, creating soundtracks that are not just heard, but truly felt.<\/p>\n\n\n\n<br><br>\n\n\n<div class=\"wp-block-image\">\n<figure class=\"aligncenter size-large is-resized\"><img loading=\"lazy\" decoding=\"async\" width=\"1024\" height=\"640\" src=\"https:\/\/divolandiaweddings.com\/wp-content\/uploads\/2025\/06\/oficinas-3-1024x640.jpeg\" alt=\"\" class=\"wp-image-196\" style=\"width:608px;height:auto\" srcset=\"https:\/\/divolandiaweddings.com\/wp-content\/uploads\/2025\/06\/oficinas-3-1024x640.jpeg 1024w, https:\/\/divolandiaweddings.com\/wp-content\/uploads\/2025\/06\/oficinas-3-300x188.jpeg 300w, https:\/\/divolandiaweddings.com\/wp-content\/uploads\/2025\/06\/oficinas-3-768x480.jpeg 768w, https:\/\/divolandiaweddings.com\/wp-content\/uploads\/2025\/06\/oficinas-3.jpeg 1280w\" sizes=\"auto, (max-width: 1024px) 100vw, 1024px\" \/><\/figure>\n<\/div>\n\n\n<br><br><br><br>\n\n\n\n<p class=\"has-text-align-center has-vivid-green-cyan-color has-text-color has-link-color has-large-font-size wp-elements-430640d400107dc4014328a88252a2e5\"><strong> <\/strong><img loading=\"lazy\" decoding=\"async\" width=\"60\" height=\"60\" class=\"wp-image-405\" style=\"width: 60px;\" src=\"https:\/\/divolandiaweddings.com\/wp-content\/uploads\/2025\/08\/WhatsApp.svg-1.png\" alt=\"\" srcset=\"https:\/\/divolandiaweddings.com\/wp-content\/uploads\/2025\/08\/WhatsApp.svg-1.png 1024w, https:\/\/divolandiaweddings.com\/wp-content\/uploads\/2025\/08\/WhatsApp.svg-1-300x300.png 300w, https:\/\/divolandiaweddings.com\/wp-content\/uploads\/2025\/08\/WhatsApp.svg-1-1022x1024.png 1022w, https:\/\/divolandiaweddings.com\/wp-content\/uploads\/2025\/08\/WhatsApp.svg-1-150x150.png 150w, https:\/\/divolandiaweddings.com\/wp-content\/uploads\/2025\/08\/WhatsApp.svg-1-768x770.png 768w, https:\/\/divolandiaweddings.com\/wp-content\/uploads\/2025\/08\/WhatsApp.svg-1-120x120.png 120w\" sizes=\"auto, (max-width: 60px) 100vw, 60px\" \/> <strong>+34 618 81 78 17<\/strong><\/p>\n\n\n\n<br><br><br>\n\n\n\n<h3 class=\"wp-block-heading has-text-align-center\">\ud83d\udcde <strong>Contact<\/strong><\/h3>\n\n\n\n<div class=\"wp-block-contact-form-7-contact-form-selector centrado-formulario\">\n<div class=\"wpcf7 no-js\" id=\"wpcf7-f11-o1\" lang=\"es-ES\" dir=\"ltr\" data-wpcf7-id=\"11\">\n<div class=\"screen-reader-response\"><p role=\"status\" aria-live=\"polite\" aria-atomic=\"true\"><\/p> <ul><\/ul><\/div>\n<form action=\"\/en\/wp-json\/wp\/v2\/pages\/57#wpcf7-f11-o1\" method=\"post\" class=\"wpcf7-form init\" aria-label=\"Formulario de contacto\" novalidate=\"novalidate\" data-status=\"init\" data-trp-original-action=\"\/en\/wp-json\/wp\/v2\/pages\/57#wpcf7-f11-o1\">\n<fieldset class=\"hidden-fields-container\"><input type=\"hidden\" name=\"_wpcf7\" value=\"11\" \/><input type=\"hidden\" name=\"_wpcf7_version\" value=\"6.1.5\" \/><input type=\"hidden\" name=\"_wpcf7_locale\" value=\"es_ES\" \/><input type=\"hidden\" name=\"_wpcf7_unit_tag\" value=\"wpcf7-f11-o1\" \/><input type=\"hidden\" name=\"_wpcf7_container_post\" value=\"0\" \/><input type=\"hidden\" name=\"_wpcf7_posted_data_hash\" value=\"\" \/>\n<\/fieldset>\n<p><label> Your name<br \/>\n<span class=\"wpcf7-form-control-wrap\" data-name=\"your-name\"><input size=\"40\" maxlength=\"400\" class=\"wpcf7-form-control wpcf7-text wpcf7-validates-as-required\" autocomplete=\"name\" aria-required=\"true\" aria-invalid=\"false\" value=\"\" type=\"text\" name=\"your-name\" \/><\/span> <\/label>\n<\/p>\n<p><label> Your email<br \/>\n<span class=\"wpcf7-form-control-wrap\" data-name=\"your-email\"><input size=\"40\" maxlength=\"400\" class=\"wpcf7-form-control wpcf7-email wpcf7-validates-as-required wpcf7-text wpcf7-validates-as-email\" autocomplete=\"email\" aria-required=\"true\" aria-invalid=\"false\" value=\"\" type=\"email\" name=\"your-email\" \/><\/span> <\/label>\n<\/p>\n<p><label> Subject<br \/>\n<span class=\"wpcf7-form-control-wrap\" data-name=\"your-subject\"><input size=\"40\" maxlength=\"400\" class=\"wpcf7-form-control wpcf7-text wpcf7-validates-as-required\" aria-required=\"true\" aria-invalid=\"false\" value=\"\" type=\"text\" name=\"your-subject\" \/><\/span> <\/label>\n<\/p>\n<p><label> Your message (optional)<br \/>\n<span class=\"wpcf7-form-control-wrap\" data-name=\"your-message\"><textarea cols=\"40\" rows=\"10\" maxlength=\"2000\" class=\"wpcf7-form-control wpcf7-textarea\" aria-invalid=\"false\" name=\"your-message\"><\/textarea><\/span> <\/label>\n<\/p>\n<p><input class=\"wpcf7-form-control wpcf7-submit has-spinner\" type=\"submit\" value=\"Send\" \/>\n<\/p><p style=\"display: none !important;\" class=\"akismet-fields-container\" data-prefix=\"_wpcf7_ak_\"><label>\u0394<textarea name=\"_wpcf7_ak_hp_textarea\" cols=\"45\" rows=\"8\" maxlength=\"100\"><\/textarea><\/label><input type=\"hidden\" id=\"ak_js_1\" name=\"_wpcf7_ak_js\" value=\"8\"\/><script>document.getElementById( \"ak_js_1\" ).setAttribute( \"value\", ( new Date() ).getTime() );<\/script><\/p><div class=\"wpcf7-response-output\" aria-hidden=\"true\"><\/div>\n<input type=\"hidden\" name=\"trp-form-language\" value=\"en\"\/><\/form>\n<\/div>\n<\/div>\n\n\n\n<p><\/p>","protected":false},"excerpt":{"rendered":"<p>\ud83c\udf99\ufe0f Sobre Nosotros Detr\u00e1s de cada canci\u00f3n hay una historia real.Y detr\u00e1s de cada historia, est\u00e1 el equipo de DIVO WEDDINGS \u2014 compositores, m\u00fasicos y productores unidos por una misma pasi\u00f3n: transformar emociones en melod\u00edas que perduren para siempre. Desde su nacimiento, la empresa ha tenido un objetivo claro: crear canciones \u00fanicas para momentos \u00fanicos. [&hellip;]<\/p>\n","protected":false},"author":1,"featured_media":0,"parent":0,"menu_order":7,"comment_status":"closed","ping_status":"closed","template":"","meta":{"_monsterinsights_skip_tracking":false,"_monsterinsights_sitenote_active":false,"_monsterinsights_sitenote_note":"","_monsterinsights_sitenote_category":0,"_uf_show_specific_survey":0,"_uf_disable_surveys":false,"footnotes":""},"class_list":["post-57","page","type-page","status-publish","hentry"],"_links":{"self":[{"href":"https:\/\/divolandiaweddings.com\/en\/wp-json\/wp\/v2\/pages\/57","targetHints":{"allow":["GET"]}}],"collection":[{"href":"https:\/\/divolandiaweddings.com\/en\/wp-json\/wp\/v2\/pages"}],"about":[{"href":"https:\/\/divolandiaweddings.com\/en\/wp-json\/wp\/v2\/types\/page"}],"author":[{"embeddable":true,"href":"https:\/\/divolandiaweddings.com\/en\/wp-json\/wp\/v2\/users\/1"}],"replies":[{"embeddable":true,"href":"https:\/\/divolandiaweddings.com\/en\/wp-json\/wp\/v2\/comments?post=57"}],"version-history":[{"count":21,"href":"https:\/\/divolandiaweddings.com\/en\/wp-json\/wp\/v2\/pages\/57\/revisions"}],"predecessor-version":[{"id":410,"href":"https:\/\/divolandiaweddings.com\/en\/wp-json\/wp\/v2\/pages\/57\/revisions\/410"}],"wp:attachment":[{"href":"https:\/\/divolandiaweddings.com\/en\/wp-json\/wp\/v2\/media?parent=57"}],"curies":[{"name":"wp","href":"https:\/\/api.w.org\/{rel}","templated":true}]}}