{"id":47,"date":"2025-05-13T13:52:00","date_gmt":"2025-05-13T13:52:00","guid":{"rendered":"https:\/\/divolandiaweddings.com\/?page_id=47"},"modified":"2025-07-09T01:15:48","modified_gmt":"2025-07-09T01:15:48","slug":"como-funciona","status":"publish","type":"page","link":"https:\/\/divolandiaweddings.com\/en\/como-funciona\/","title":{"rendered":"HOW IT WORKS"},"content":{"rendered":"<p><\/p>\n\n\n\n<ol class=\"wp-block-list\">\n<li class=\"has-medium-font-size\">Fill in the form with your story<\/li>\n\n\n\n<li class=\"has-medium-font-size\">We talk with you to understand the style<\/li>\n\n\n\n<li class=\"has-medium-font-size\">We compose and record your song<\/li>\n\n\n\n<li class=\"has-medium-font-size\">We send it to you ready for the <strong>most important moment <\/strong>of your wedding after the \u2013<strong>I Do. <\/strong><\/li>\n<\/ol>\n\n\n\n<p>Estimated delivery <strong>time is 3 to 7 days<\/strong><\/p>\n\n\n\n<p class=\"has-black-color has-text-color has-link-color wp-elements-d8a0ff793af2373228aa2e6df5ea43f5\">Guarantee <strong>100% satisfaction<\/strong>. You will receive a 30-second preview of the song so you can verify the quality and make any changes if you wish.<\/p>\n\n\n\n<p><\/p>\n\n\n\n<hr class=\"wp-block-separator has-alpha-channel-opacity\"\/>\n\n\n\n<figure class=\"wp-block-embed is-type-video is-provider-youtube wp-block-embed-youtube wp-embed-aspect-16-9 wp-has-aspect-ratio\"><div class=\"wp-block-embed__wrapper\">\n<iframe loading=\"lazy\"  id=\"_ytid_86859\"  width=\"640\" height=\"360\"  data-origwidth=\"640\" data-origheight=\"360\" src=\"https:\/\/www.youtube.com\/embed\/rMmaSg2tRic?enablejsapi=1&#038;autoplay=0&#038;cc_load_policy=0&#038;cc_lang_pref=&#038;iv_load_policy=1&#038;loop=0&#038;rel=1&#038;fs=1&#038;playsinline=0&#038;autohide=2&#038;theme=dark&#038;color=red&#038;controls=1&#038;disablekb=0&#038;\" class=\"__youtube_prefs__  epyt-is-override  no-lazyload\" title=\"YouTube player\"  allow=\"fullscreen; accelerometer; autoplay; clipboard-write; encrypted-media; gyroscope; picture-in-picture; web-share\" referrerpolicy=\"strict-origin-when-cross-origin\" allowfullscreen data-no-lazy=\"1\" data-skipgform_ajax_framebjll=\"\"><\/iframe>\n<\/div><\/figure>","protected":false},"excerpt":{"rendered":"<p>Tiempo estimado de entrega es de 3 a 7 dias Garant\u00eda 100 x 100 de satisfacci\u00f3n. Se os entrega un corto de la canci\u00f3n de 30 segundos para que pod\u00e1is verificar la calidad y hacer alg\u00fan cambio si as\u00ed lo dese\u00e1is.<\/p>","protected":false},"author":1,"featured_media":0,"parent":0,"menu_order":2,"comment_status":"closed","ping_status":"closed","template":"","meta":{"_monsterinsights_skip_tracking":false,"_monsterinsights_sitenote_active":false,"_monsterinsights_sitenote_note":"","_monsterinsights_sitenote_category":0,"_uf_show_specific_survey":0,"_uf_disable_surveys":false,"footnotes":""},"class_list":["post-47","page","type-page","status-publish","hentry"],"_links":{"self":[{"href":"https:\/\/divolandiaweddings.com\/en\/wp-json\/wp\/v2\/pages\/47","targetHints":{"allow":["GET"]}}],"collection":[{"href":"https:\/\/divolandiaweddings.com\/en\/wp-json\/wp\/v2\/pages"}],"about":[{"href":"https:\/\/divolandiaweddings.com\/en\/wp-json\/wp\/v2\/types\/page"}],"author":[{"embeddable":true,"href":"https:\/\/divolandiaweddings.com\/en\/wp-json\/wp\/v2\/users\/1"}],"replies":[{"embeddable":true,"href":"https:\/\/divolandiaweddings.com\/en\/wp-json\/wp\/v2\/comments?post=47"}],"version-history":[{"count":11,"href":"https:\/\/divolandiaweddings.com\/en\/wp-json\/wp\/v2\/pages\/47\/revisions"}],"predecessor-version":[{"id":393,"href":"https:\/\/divolandiaweddings.com\/en\/wp-json\/wp\/v2\/pages\/47\/revisions\/393"}],"wp:attachment":[{"href":"https:\/\/divolandiaweddings.com\/en\/wp-json\/wp\/v2\/media?parent=47"}],"curies":[{"name":"wp","href":"https:\/\/api.w.org\/{rel}","templated":true}]}}