{"id":12,"date":"2025-05-11T13:44:57","date_gmt":"2025-05-11T13:44:57","guid":{"rendered":"https:\/\/divolandiaweddings.com\/?page_id=12"},"modified":"2025-08-07T22:38:30","modified_gmt":"2025-08-07T22:38:30","slug":"inicio","status":"publish","type":"page","link":"https:\/\/divolandiaweddings.com\/en\/","title":{"rendered":"HOME"},"content":{"rendered":"<div id=\"metaslider-id-104\" style=\"width: 100%;\" class=\"ml-slider-3-108-0 metaslider metaslider-flex metaslider-104 ml-slider has-dots-nav ms-theme-default-base\" role=\"region\" aria-label=\"New slideshow\" data-height=\"300\" data-width=\"700\">\n    <div id=\"metaslider_container_104\">\n        <div id=\"metaslider_104\">\n            <ul class='slides'>\n                <li style=\"display: block; width: 100%;\" class=\"slide-105 ms-image\" aria-roledescription=\"slide\" data-date=\"2025-05-20 22:30:40\" data-filename=\"a-romantic-youtube-thumbnail-featuring-a_4ej3gaCER8CMqtO9H1wB0w_9_P5G3bfSFWaBvvEQ4Ar7Q-700x300.jpeg\" data-slide-type=\"image\"><img loading=\"lazy\" decoding=\"async\" src=\"https:\/\/divolandiaweddings.com\/wp-content\/uploads\/2025\/05\/a-romantic-youtube-thumbnail-featuring-a_4ej3gaCER8CMqtO9H1wB0w_9_P5G3bfSFWaBvvEQ4Ar7Q-700x300.jpeg\" height=\"300\" width=\"700\" alt=\"\" class=\"slider-104 slide-105 msDefaultImage\" title=\"a-romantic-youtube-thumbnail-featuring-a_4ej3gaCER8CMqtO9H1wB0w_9_P5G3bfSFWaBvvEQ4Ar7Q\" \/><\/li>\n                <li style=\"display: none; width: 100%;\" class=\"slide-107 ms-image\" aria-roledescription=\"slide\" data-date=\"2025-05-20 22:31:14\" data-filename=\"a-soft-painterly-illustration-depicting-_cvdIsujSR86LfABCEFvQnw_ohstnVZRR6SrhMtGVVvNjg-700x300.jpeg\" data-slide-type=\"image\"><img loading=\"lazy\" decoding=\"async\" src=\"https:\/\/divolandiaweddings.com\/wp-content\/uploads\/2025\/05\/a-soft-painterly-illustration-depicting-_cvdIsujSR86LfABCEFvQnw_ohstnVZRR6SrhMtGVVvNjg-700x300.jpeg\" height=\"300\" width=\"700\" alt=\"\" class=\"slider-104 slide-107 msDefaultImage\" title=\"a-soft-painterly-illustration-depicting-_cvdIsujSR86LfABCEFvQnw_ohstnVZRR6SrhMtGVVvNjg\" \/><\/li>\n                <li style=\"display: none; width: 100%;\" class=\"slide-109 ms-image\" aria-roledescription=\"slide\" data-date=\"2025-05-20 22:31:38\" data-filename=\"BANNER-CANAL-YOUTUBE-700x300.jpg\" data-slide-type=\"image\"><img loading=\"lazy\" decoding=\"async\" src=\"https:\/\/divolandiaweddings.com\/wp-content\/uploads\/2025\/05\/BANNER-CANAL-YOUTUBE-700x300.jpg\" height=\"300\" width=\"700\" alt=\"\" class=\"slider-104 slide-109 msDefaultImage\" title=\"YOUTUBE CHANNEL BANNER\" \/><\/li>\n                <li style=\"display: none; width: 100%;\" class=\"slide-111 ms-image\" aria-roledescription=\"slide\" data-date=\"2025-05-20 22:31:54\" data-filename=\"a-captivating-conceptual-advertisement-f_EbNbN8UGTv-j_XhgMI2mCQ_Q2JsbrELRGG_GMWd9E4idQ-1-700x300.jpeg\" data-slide-type=\"image\"><img loading=\"lazy\" decoding=\"async\" src=\"https:\/\/divolandiaweddings.com\/wp-content\/uploads\/2025\/05\/a-captivating-conceptual-advertisement-f_EbNbN8UGTv-j_XhgMI2mCQ_Q2JsbrELRGG_GMWd9E4idQ-1-700x300.jpeg\" height=\"300\" width=\"700\" alt=\"\" class=\"slider-104 slide-111 msDefaultImage\" title=\"a-captivating-conceptual-advertisement-f_EbNbN8UGTv-j_XhgMI2mCQ_Q2JsbrELRGG_GMWd9E4idQ (1)\" \/><\/li>\n                <li style=\"display: none; width: 100%;\" class=\"slide-239 ms-image\" aria-roledescription=\"slide\" data-date=\"2025-06-28 18:11:37\" data-filename=\"solo-puede-salir-perfecto-web-pareja-edit-700x300.jpg\" data-slide-type=\"image\"><img loading=\"lazy\" decoding=\"async\" src=\"https:\/\/divolandiaweddings.com\/wp-content\/uploads\/2025\/06\/solo-puede-salir-perfecto-web-pareja-edit-700x300.jpg\" height=\"300\" width=\"700\" alt=\"\" class=\"slider-104 slide-239 msDefaultImage\" title=\"it can only go perfectly wedding couple edit\" \/><\/li>\n            <\/ul>\n        <\/div>\n        \n    <\/div>\n<\/div>\n\n\n\n<h2 class=\"wp-block-heading\">\u2728 <strong>Personalized Wedding Songs<\/strong><\/h2>\n\n\n\n<br>\n\n\n\n<p><strong>The Dance, the Most Important<\/strong> and Emotional Moment After<strong> I DO.<\/strong> That's where the <strong>song for your wedding <\/strong>that we are going to compose for you will be a layer of musical magic for that unforgettable moment.<\/p>\n\n\n\n<p>That moment when the lights dim and your family, your friends, your guests hold their breath to give their full attention to the newlyweds, to you.<\/p>\n\n\n\n<p>You can surely imagine that moment. We have lived it. Your song plays and we see time and again the amazed faces of those present. They listen in astonishment\u2026<em> Is it?<\/em> They wonder\u2026 <em>Is this song about them?<\/em>\u2026 Whispers, surprises, disbelief\u2026<\/p>\n\n\n\n<p>Behind every couple there is a unique story, and behind every story, a song waiting to be composed, a<strong> unique soundtrack with your fully personalized wedding song <\/strong>for your special day that transforms the most meaningful moments of you as a couple into an unforgettable melody.<\/p>\n\n\n\n<p>First, there will be an interview to gather details about you and your partner: how you met, cherished anecdotes, important dates, etc\u2026 in a creative process full of sensitivity, where, of course, you will be able to choose your favorite musical style. All of this will become a <strong>custom-made work, a love capsule designed to move you during your first dance,<\/strong> that will even surely surprise your most discerning guests.<\/p>\n\n\n\n<p><\/p>\n\n\n\n<br><br>\n\n\n\n<h3 class=\"wp-block-heading\"><strong>\ud83c\udfb6<\/strong> With Divolandia Weddings <strong>It can ONLY go perfectly.<\/strong> \ud83c\udfb6<\/h3>\n\n\n\n<p><\/p>\n\n\n\n<br><br>\n\n\n\n<div class=\"wp-block-columns is-layout-flex wp-container-core-columns-is-layout-9d6595d7 wp-block-columns-is-layout-flex\">\n<div class=\"wp-block-column is-layout-flow wp-block-column-is-layout-flow\"><\/div>\n<\/div>\n\n\n\n<div class=\"wp-block-columns is-layout-flex wp-container-core-columns-is-layout-9d6595d7 wp-block-columns-is-layout-flex\">\n<div class=\"wp-block-column is-layout-flow wp-block-column-is-layout-flow\">\n<figure>\n<iframe loading=\"lazy\"  id=\"_ytid_17573\"  width=\"640\" height=\"360\"  data-origwidth=\"640\" data-origheight=\"360\" src=\"https:\/\/www.youtube.com\/embed\/IjJ3lolhWPI?enablejsapi=1&#038;autoplay=0&#038;cc_load_policy=0&#038;cc_lang_pref=&#038;iv_load_policy=1&#038;loop=0&#038;rel=1&#038;fs=1&#038;playsinline=0&#038;autohide=2&#038;theme=dark&#038;color=red&#038;controls=1&#038;disablekb=0&#038;\" class=\"__youtube_prefs__  epyt-is-override  no-lazyload\" title=\"YouTube player\"  allow=\"fullscreen; accelerometer; autoplay; clipboard-write; encrypted-media; gyroscope; picture-in-picture; web-share\" referrerpolicy=\"strict-origin-when-cross-origin\" allowfullscreen data-no-lazy=\"1\" data-skipgform_ajax_framebjll=\"\"><\/iframe>\n<\/figure>\n<\/div>\n\n\n\n<div class=\"wp-block-column is-layout-flow wp-block-column-is-layout-flow\">\n<figure>\n<iframe loading=\"lazy\"  id=\"_ytid_50791\"  width=\"640\" height=\"360\"  data-origwidth=\"640\" data-origheight=\"360\" src=\"https:\/\/www.youtube.com\/embed\/sJyT4nqdSlQ?enablejsapi=1&#038;autoplay=0&#038;cc_load_policy=0&#038;cc_lang_pref=&#038;iv_load_policy=1&#038;loop=0&#038;rel=1&#038;fs=1&#038;playsinline=0&#038;autohide=2&#038;theme=dark&#038;color=red&#038;controls=1&#038;disablekb=0&#038;\" class=\"__youtube_prefs__  epyt-is-override  no-lazyload\" title=\"YouTube player\"  allow=\"fullscreen; accelerometer; autoplay; clipboard-write; encrypted-media; gyroscope; picture-in-picture; web-share\" referrerpolicy=\"strict-origin-when-cross-origin\" allowfullscreen data-no-lazy=\"1\" data-skipgform_ajax_framebjll=\"\"><\/iframe>\n<\/figure>\n<\/div>\n\n\n\n<div class=\"wp-block-column is-layout-flow wp-block-column-is-layout-flow\">\n<figure>\n<iframe loading=\"lazy\"  id=\"_ytid_80476\"  width=\"640\" height=\"360\"  data-origwidth=\"640\" data-origheight=\"360\" src=\"https:\/\/www.youtube.com\/embed\/yu_-J__iMsU?enablejsapi=1&#038;autoplay=0&#038;cc_load_policy=0&#038;cc_lang_pref=&#038;iv_load_policy=1&#038;loop=0&#038;rel=1&#038;fs=1&#038;playsinline=0&#038;autohide=2&#038;theme=dark&#038;color=red&#038;controls=1&#038;disablekb=0&#038;\" class=\"__youtube_prefs__  epyt-is-override  no-lazyload\" title=\"YouTube player\"  allow=\"fullscreen; accelerometer; autoplay; clipboard-write; encrypted-media; gyroscope; picture-in-picture; web-share\" referrerpolicy=\"strict-origin-when-cross-origin\" allowfullscreen data-no-lazy=\"1\" data-skipgform_ajax_framebjll=\"\"><\/iframe>\n<\/figure>\n<\/div>\n<\/div>\n\n\n\n<br><br>\n\n\n\n<hr class=\"wp-block-separator has-alpha-channel-opacity\"\/>\n\n\n\n<p class=\"has-medium-font-size\">\u2705<strong> 100%<mark style=\"background-color:rgba(0, 0, 0, 0)\" class=\"has-inline-color has-luminous-vivid-amber-color\"> personalized<\/mark><\/strong><br>\u2705 Composed by <strong>professionals<\/strong><br>\u2705 Delivered in high quality, ready to<strong> play at your wedding<\/strong><br>\u2705 <strong>Eligible musical style<\/strong>, from <mark style=\"background-color:rgba(0, 0, 0, 0)\" class=\"has-inline-color has-luminous-vivid-amber-color\">romantic,<\/mark> pop, rock among others<\/p>\n\n\n\n<br>\n\n\n\n<p><mark style=\"background-color:rgba(0, 0, 0, 0)\" class=\"has-inline-color has-white-color\">.<\/mark><\/p>\n\n\n\n<pre class=\"ti-widget\"><template id=\"trustindex-google-widget-html\"><div class=\"ti-widget  ti-goog ti-show-rating-text ti-review-text-mode-readmore ti-text-align-left\" data-no-translation=\"true\" data-time-locale=\"hace %d %s|hoy|d\u00eda|d\u00edas|semana|semanas|mes|meses|a\u00f1o|a\u00f1os\" data-plugin-version=\"13.2.9\" data-layout-id=\"5\" data-layout-category=\"slider\" data-set-id=\"light-background\" data-pid=\"\" data-language=\"es\" data-close-locale=\"Cerca\" data-review-target-width=\"275\" data-css-version=\"2\" data-reply-by-locale=\"Respuesta del propietario\" data-only-rating-locale=\"Esta usuario solo dej\u00f3 una calificaci\u00f3n.\" data-pager-autoplay-timeout=\"6\"> <div class=\"ti-widget-container ti-col-4\"> <div class=\"ti-footer ti-footer-grid source-Google\"> <div class=\"ti-fade-container\"> <div class=\"ti-rating-text\"> <strong class=\"ti-rating ti-rating-large\"> EXCELENTE <\/strong> <\/div> <span class=\"ti-stars star-lg\"><trustindex-image class=\"ti-star\" data-imgurl=\"https:\/\/cdn.trustindex.io\/assets\/platform\/Google\/star\/f.svg\" alt=\"Google star 1\" width=\"17\" height=\"17\" loading=\"lazy\"><\/trustindex-image><trustindex-image class=\"ti-star\" data-imgurl=\"https:\/\/cdn.trustindex.io\/assets\/platform\/Google\/star\/f.svg\" alt=\"Google star 2\" width=\"17\" height=\"17\" loading=\"lazy\"><\/trustindex-image><trustindex-image class=\"ti-star\" data-imgurl=\"https:\/\/cdn.trustindex.io\/assets\/platform\/Google\/star\/f.svg\" alt=\"Google star 3\" width=\"17\" height=\"17\" loading=\"lazy\"><\/trustindex-image><trustindex-image class=\"ti-star\" data-imgurl=\"https:\/\/cdn.trustindex.io\/assets\/platform\/Google\/star\/f.svg\" alt=\"Google star 4\" width=\"17\" height=\"17\" loading=\"lazy\"><\/trustindex-image><trustindex-image class=\"ti-star\" data-imgurl=\"https:\/\/cdn.trustindex.io\/assets\/platform\/Google\/star\/f.svg\" alt=\"Google star 5\" width=\"17\" height=\"17\" loading=\"lazy\"><\/trustindex-image><\/span> <div class=\"ti-rating-text\"> <span class=\"nowrap\">A base de <strong>4 rese\u00f1as<\/strong><\/span> <\/div> <div class=\"ti-large-logo\"> <div class=\"ti-v-center\"> <trustindex-image class=\"ti-logo-fb\" data-imgurl=\"https:\/\/cdn.trustindex.io\/assets\/platform\/Google\/logo.svg\" width=\"150\" height=\"25\" loading=\"lazy\" alt=\"Google\"><\/trustindex-image> <\/div> <\/div> <\/div> <\/div> <div class=\"ti-reviews-container\"> <div class=\"ti-controls\"> <div class=\"ti-next\" aria-label=\"Siguiente rese\u00f1a\" role=\"button\" tabindex=\"0\"><\/div> <div class=\"ti-prev\" aria-label=\"Rese\u00f1a anterior\" role=\"button\" tabindex=\"0\"><\/div> <\/div> <div class=\"ti-reviews-container-wrapper\">  <div data-empty=\"0\" data-time=\"1752105600\" class=\"ti-review-item source-Google ti-image-layout-thumbnail\" data-id=\"cfcd208495d565ef66e7dff9f98764da\"> <div class=\"ti-inner\"> <div class=\"ti-review-header\"> <div class=\"ti-platform-icon ti-with-tooltip\"> <span class=\"ti-tooltip\">Publicado en <\/span> <trustindex-image data-imgurl=\"https:\/\/cdn.trustindex.io\/assets\/platform\/Google\/icon.svg\" alt=\"\" width=\"20\" height=\"20\" loading=\"lazy\"><\/trustindex-image> <\/div> <div class=\"ti-profile-img\"> <trustindex-image data-imgurl=\"https:\/\/lh3.googleusercontent.com\/a-\/ALV-UjXVyzjdrizT0HaOT0YXDxUzcM5j45W95GqWoy1CZoK9Oga2x2g=w40-h40-c-rp-mo-br100\" alt=\"Eva Mirades Robles profile picture\" loading=\"lazy\"><\/trustindex-image> <\/div> <div class=\"ti-profile-details\"> <div class=\"ti-name\"> Eva Mirades Robles <\/div> <div class=\"ti-date\"><\/div> <\/div> <\/div> <span class=\"ti-stars\"><trustindex-image class=\"ti-star\" data-imgurl=\"https:\/\/cdn.trustindex.io\/assets\/platform\/Google\/star\/f.svg\" alt=\"Google star 1\" width=\"17\" height=\"17\" loading=\"lazy\"><\/trustindex-image><trustindex-image class=\"ti-star\" data-imgurl=\"https:\/\/cdn.trustindex.io\/assets\/platform\/Google\/star\/f.svg\" alt=\"Google star 2\" width=\"17\" height=\"17\" loading=\"lazy\"><\/trustindex-image><trustindex-image class=\"ti-star\" data-imgurl=\"https:\/\/cdn.trustindex.io\/assets\/platform\/Google\/star\/f.svg\" alt=\"Google star 3\" width=\"17\" height=\"17\" loading=\"lazy\"><\/trustindex-image><trustindex-image class=\"ti-star\" data-imgurl=\"https:\/\/cdn.trustindex.io\/assets\/platform\/Google\/star\/f.svg\" alt=\"Google star 4\" width=\"17\" height=\"17\" loading=\"lazy\"><\/trustindex-image><trustindex-image class=\"ti-star\" data-imgurl=\"https:\/\/cdn.trustindex.io\/assets\/platform\/Google\/star\/f.svg\" alt=\"Google star 5\" width=\"17\" height=\"17\" loading=\"lazy\"><\/trustindex-image><span class=\"ti-verified-review ti-verified-platform\"><span class=\"ti-verified-tooltip\">Trustindex verifica que la fuente original de la rese\u00f1a sea Google.<\/span><\/span><\/span> <div class=\"ti-review-text-container ti-review-content\"><!-- R-CONTENT -->\u2728Ha sido una de las mejores decisiones que tomamos \u2728\n\nDesde el primer momento, entendieron perfectamente nuestra historia y c\u00f3mo transformarla en m\u00fasica. El resultado fue emocionante, aut\u00e9ntico y totalmente nuestro.\n\nCada vez que escuchamos la canci\u00f3n se nos pone la piel de gallina. Fue un momento \u00fanico en el gran d\u00eda, y todos los invitados quedaron impresionados.\n\nDivolandia Weddings, super recomendado, para todas las parejas que quieran darle un toque realmente especial a su boda.\n\n\u2014 Eva Miralles Robles \ud83d\udc96<!-- R-CONTENT --><\/div> <span class=\"ti-read-more\" data-container=\".ti-review-content\" data-collapse-text=\"Ocultar\" data-open-text=\"Leer m\u00e1s\"><\/span> <\/div> <\/div>  <div data-empty=\"0\" data-time=\"1752019200\" class=\"ti-review-item source-Google ti-image-layout-thumbnail\" data-id=\"cfcd208495d565ef66e7dff9f98764da\"> <div class=\"ti-inner\"> <div class=\"ti-review-header\"> <div class=\"ti-platform-icon ti-with-tooltip\"> <span class=\"ti-tooltip\">Publicado en <\/span> <trustindex-image data-imgurl=\"https:\/\/cdn.trustindex.io\/assets\/platform\/Google\/icon.svg\" alt=\"\" width=\"20\" height=\"20\" loading=\"lazy\"><\/trustindex-image> <\/div> <div class=\"ti-profile-img\"> <trustindex-image data-imgurl=\"https:\/\/lh3.googleusercontent.com\/a-\/ALV-UjXiBHNhIhhXWTMvb7ovDK-QR9CtY0gb5ozYRdvPC721kFWVIvo=w40-h40-c-rp-mo-br100\" alt=\"luis serrano escudero profile picture\" loading=\"lazy\"><\/trustindex-image> <\/div> <div class=\"ti-profile-details\"> <div class=\"ti-name\"> luis serrano escudero <\/div> <div class=\"ti-date\"><\/div> <\/div> <\/div> <span class=\"ti-stars\"><trustindex-image class=\"ti-star\" data-imgurl=\"https:\/\/cdn.trustindex.io\/assets\/platform\/Google\/star\/f.svg\" alt=\"Google star 1\" width=\"17\" height=\"17\" loading=\"lazy\"><\/trustindex-image><trustindex-image class=\"ti-star\" data-imgurl=\"https:\/\/cdn.trustindex.io\/assets\/platform\/Google\/star\/f.svg\" alt=\"Google star 2\" width=\"17\" height=\"17\" loading=\"lazy\"><\/trustindex-image><trustindex-image class=\"ti-star\" data-imgurl=\"https:\/\/cdn.trustindex.io\/assets\/platform\/Google\/star\/f.svg\" alt=\"Google star 3\" width=\"17\" height=\"17\" loading=\"lazy\"><\/trustindex-image><trustindex-image class=\"ti-star\" data-imgurl=\"https:\/\/cdn.trustindex.io\/assets\/platform\/Google\/star\/f.svg\" alt=\"Google star 4\" width=\"17\" height=\"17\" loading=\"lazy\"><\/trustindex-image><trustindex-image class=\"ti-star\" data-imgurl=\"https:\/\/cdn.trustindex.io\/assets\/platform\/Google\/star\/f.svg\" alt=\"Google star 5\" width=\"17\" height=\"17\" loading=\"lazy\"><\/trustindex-image><span class=\"ti-verified-review ti-verified-platform\"><span class=\"ti-verified-tooltip\">Trustindex verifica que la fuente original de la rese\u00f1a sea Google.<\/span><\/span><\/span> <div class=\"ti-review-text-container ti-review-content\"><!-- R-CONTENT -->Captaron nuestra esencia a la perfecci\u00f3n y convirtieron nuestra historia en una canci\u00f3n inolvidable. \u00a1Profesionales, cercanos y s\u00faper creativos! \ud83d\udcaf\u274c\ud83d\udcaf Recomendad\u00edsimos.<!-- R-CONTENT --><\/div> <span class=\"ti-read-more\" data-container=\".ti-review-content\" data-collapse-text=\"Ocultar\" data-open-text=\"Leer m\u00e1s\"><\/span> <\/div> <\/div>  <div data-empty=\"0\" data-time=\"1751932800\" class=\"ti-review-item source-Google ti-image-layout-thumbnail\" data-id=\"cfcd208495d565ef66e7dff9f98764da\"> <div class=\"ti-inner\"> <div class=\"ti-review-header\"> <div class=\"ti-platform-icon ti-with-tooltip\"> <span class=\"ti-tooltip\">Publicado en <\/span> <trustindex-image data-imgurl=\"https:\/\/cdn.trustindex.io\/assets\/platform\/Google\/icon.svg\" alt=\"\" width=\"20\" height=\"20\" loading=\"lazy\"><\/trustindex-image> <\/div> <div class=\"ti-profile-img\"> <trustindex-image data-imgurl=\"https:\/\/lh3.googleusercontent.com\/a-\/ALV-UjUceYjAlfZyJ17d5hHzXYpyMLJOJkqaIcQiUwqvbpKkNoekGkY=w40-h40-c-rp-mo-br100\" alt=\"Lorena Del Valle profile picture\" loading=\"lazy\"><\/trustindex-image> <\/div> <div class=\"ti-profile-details\"> <div class=\"ti-name\"> Lorena Del Valle <\/div> <div class=\"ti-date\"><\/div> <\/div> <\/div> <span class=\"ti-stars\"><trustindex-image class=\"ti-star\" data-imgurl=\"https:\/\/cdn.trustindex.io\/assets\/platform\/Google\/star\/f.svg\" alt=\"Google star 1\" width=\"17\" height=\"17\" loading=\"lazy\"><\/trustindex-image><trustindex-image class=\"ti-star\" data-imgurl=\"https:\/\/cdn.trustindex.io\/assets\/platform\/Google\/star\/f.svg\" alt=\"Google star 2\" width=\"17\" height=\"17\" loading=\"lazy\"><\/trustindex-image><trustindex-image class=\"ti-star\" data-imgurl=\"https:\/\/cdn.trustindex.io\/assets\/platform\/Google\/star\/f.svg\" alt=\"Google star 3\" width=\"17\" height=\"17\" loading=\"lazy\"><\/trustindex-image><trustindex-image class=\"ti-star\" data-imgurl=\"https:\/\/cdn.trustindex.io\/assets\/platform\/Google\/star\/f.svg\" alt=\"Google star 4\" width=\"17\" height=\"17\" loading=\"lazy\"><\/trustindex-image><trustindex-image class=\"ti-star\" data-imgurl=\"https:\/\/cdn.trustindex.io\/assets\/platform\/Google\/star\/f.svg\" alt=\"Google star 5\" width=\"17\" height=\"17\" loading=\"lazy\"><\/trustindex-image><span class=\"ti-verified-review ti-verified-platform\"><span class=\"ti-verified-tooltip\">Trustindex verifica que la fuente original de la rese\u00f1a sea Google.<\/span><\/span><\/span> <div class=\"ti-review-text-container ti-review-content\"><!-- R-CONTENT -->Desde el primer momento supe que quer\u00eda algo \u00fanico para nuestra boda, algo que nos representara de verdad. Cuando descubr\u00ed la posibilidad de encargar una canci\u00f3n personalizada con nuestra historia, no lo dud\u00e9. Fue la mejor decisi\u00f3n que pude tomar.\n\nLa canci\u00f3n son\u00f3 justo despu\u00e9s de nuestro primer baile, y fue como revivir cada etapa de nuestra relaci\u00f3n: c\u00f3mo nos conocimos en aquella cafeter\u00eda en oto\u00f1o, nuestras escapadas al mar, los d\u00edas dif\u00edciles que superamos juntos, y todos los sue\u00f1os que hemos ido construyendo. La letra era tan nuestra, tan \u00edntima, que varios invitados no pudieron contener las l\u00e1grimas. Luis me mir\u00f3 con los ojos brillantes y me susurr\u00f3: \u2018Es perfecta, como t\u00fa\u2019.\n\nCada estrofa ten\u00eda un detalle especial, hasta nuestros chistes privados y frases que solo nosotros entendemos. No era solo una canci\u00f3n, era un pedacito de nuestra alma hecho m\u00fasica.\n\nNos dijiste que solo pod\u00eda salir perfecto y todo sali\u00f3 perfecto. Gracias de coraz\u00f3n.<!-- R-CONTENT --><\/div> <span class=\"ti-read-more\" data-container=\".ti-review-content\" data-collapse-text=\"Ocultar\" data-open-text=\"Leer m\u00e1s\"><\/span> <\/div> <\/div>  <div data-empty=\"0\" data-time=\"1747785600\" class=\"ti-review-item source-Google ti-image-layout-thumbnail\" data-id=\"cfcd208495d565ef66e7dff9f98764da\"> <div class=\"ti-inner\"> <div class=\"ti-review-header\"> <div class=\"ti-platform-icon ti-with-tooltip\"> <span class=\"ti-tooltip\">Publicado en <\/span> <trustindex-image data-imgurl=\"https:\/\/cdn.trustindex.io\/assets\/platform\/Google\/icon.svg\" alt=\"\" width=\"20\" height=\"20\" loading=\"lazy\"><\/trustindex-image> <\/div> <div class=\"ti-profile-img\"> <trustindex-image data-imgurl=\"https:\/\/lh3.googleusercontent.com\/a-\/ALV-UjU4gT_JIegzqWLXSIOneIpsY_UzgcS7KyKbTzZWbcSQQFgPULQ=w40-h40-c-rp-mo-br100\" alt=\"Johnna Pierce profile picture\" loading=\"lazy\"><\/trustindex-image> <\/div> <div class=\"ti-profile-details\"> <div class=\"ti-name\"> Johnna Pierce <\/div> <div class=\"ti-date\"><\/div> <\/div> <\/div> <span class=\"ti-stars\"><trustindex-image class=\"ti-star\" data-imgurl=\"https:\/\/cdn.trustindex.io\/assets\/platform\/Google\/star\/f.svg\" alt=\"Google star 1\" width=\"17\" height=\"17\" loading=\"lazy\"><\/trustindex-image><trustindex-image class=\"ti-star\" data-imgurl=\"https:\/\/cdn.trustindex.io\/assets\/platform\/Google\/star\/f.svg\" alt=\"Google star 2\" width=\"17\" height=\"17\" loading=\"lazy\"><\/trustindex-image><trustindex-image class=\"ti-star\" data-imgurl=\"https:\/\/cdn.trustindex.io\/assets\/platform\/Google\/star\/f.svg\" alt=\"Google star 3\" width=\"17\" height=\"17\" loading=\"lazy\"><\/trustindex-image><trustindex-image class=\"ti-star\" data-imgurl=\"https:\/\/cdn.trustindex.io\/assets\/platform\/Google\/star\/f.svg\" alt=\"Google star 4\" width=\"17\" height=\"17\" loading=\"lazy\"><\/trustindex-image><trustindex-image class=\"ti-star\" data-imgurl=\"https:\/\/cdn.trustindex.io\/assets\/platform\/Google\/star\/f.svg\" alt=\"Google star 5\" width=\"17\" height=\"17\" loading=\"lazy\"><\/trustindex-image><span class=\"ti-verified-review ti-verified-platform\"><span class=\"ti-verified-tooltip\">Trustindex verifica que la fuente original de la rese\u00f1a sea Google.<\/span><\/span><\/span> <div class=\"ti-review-text-container ti-review-content\"><!-- R-CONTENT -->Encargamos, yo y mi mujer Katherine, una canci\u00f3n personalizada para nuestra boda y fue, sin duda, lo m\u00e1s emotivo de todo el d\u00eda. Supieron plasmar nuestra historia con una sensibilidad y un cari\u00f1o que nos hizo llorar desde la primera escucha. Cada palabra y cada nota parec\u00eda escrita para nosotros, como si nos conocieran de toda la vida. Escucharla en la ceremonia fue m\u00e1gico, un momento que jam\u00e1s olvidaremos. Recomendamos esta experiencia a cualquier pareja que quiera algo \u00fanico y profundamente especial para su gran d\u00eda.<!-- R-CONTENT --><\/div> <span class=\"ti-read-more\" data-container=\".ti-review-content\" data-collapse-text=\"Ocultar\" data-open-text=\"Leer m\u00e1s\"><\/span> <\/div> <\/div>  <\/div> <div class=\"ti-controls-line\"> <div class=\"dot\"><\/div> <\/div>   <\/div> <\/div> <\/div> <\/template><\/pre><div data-src=\"https:\/\/cdn.trustindex.io\/loader.js?wp-widget\" data-template-id=\"trustindex-google-widget-html\" data-css-url=\"https:\/\/divolandiaweddings.com\/wp-content\/uploads\/trustindex-google-widget.css?1776230979\"><\/div>\n\n\n\n<h2 class=\"wp-block-heading has-text-align-center\"><br><\/h2>\n\n\n\n<hr class=\"wp-block-separator has-alpha-channel-opacity\"\/>\n\n\n\n<br>\n\n\n\n<h2 class=\"wp-block-heading has-text-align-center\">\ud83d\udce9 Order yours now \ud83d\udce9<br><\/h2>\n\n\n\n<br><br>\n\n\n\n<div class=\"wp-block-buttons alignwide is-content-justification-center is-layout-flex wp-container-core-buttons-is-layout-16018d1d wp-block-buttons-is-layout-flex\" id=\"https:\/\/bit.ly\/COMPONER\">\n<div class=\"wp-block-button is-style-fill\" id=\"https:\/\/bit.ly\/COMPONER\"><a class=\"wp-block-button__link has-luminous-dusk-gradient-background has-background has-x-large-font-size has-custom-font-size wp-element-button\" href=\"https:\/\/bit.ly\/COMPONER\" style=\"border-radius:69px;font-style:normal;font-weight:500\" rel=\"https:\/\/bit.ly\/COMPONER\">COMPOSE<\/a><\/div>\n<\/div>\n\n\n\n<br>\n<br>\n<br><br>\n\n\n\n<p><\/p>","protected":false},"excerpt":{"rendered":"<p>\u2728 Canciones para Bodas personalizadas El Baile, el momento m\u00e1s importante y emotivo despu\u00e9s del S\u00cd QUIERO. Ah\u00ed es donde la canci\u00f3n para vuestra boda que vamos a componer para vosotros ser\u00e1 una capa de magia musical para ese momento inolvidable. Ese momento en el que se aten\u00faan las luces y en que tus familiares, [&hellip;]<\/p>\n","protected":false},"author":1,"featured_media":0,"parent":0,"menu_order":0,"comment_status":"closed","ping_status":"closed","template":"","meta":{"_monsterinsights_skip_tracking":false,"_monsterinsights_sitenote_active":false,"_monsterinsights_sitenote_note":"","_monsterinsights_sitenote_category":0,"_uf_show_specific_survey":0,"_uf_disable_surveys":false,"footnotes":""},"class_list":["post-12","page","type-page","status-publish","hentry"],"_links":{"self":[{"href":"https:\/\/divolandiaweddings.com\/en\/wp-json\/wp\/v2\/pages\/12","targetHints":{"allow":["GET"]}}],"collection":[{"href":"https:\/\/divolandiaweddings.com\/en\/wp-json\/wp\/v2\/pages"}],"about":[{"href":"https:\/\/divolandiaweddings.com\/en\/wp-json\/wp\/v2\/types\/page"}],"author":[{"embeddable":true,"href":"https:\/\/divolandiaweddings.com\/en\/wp-json\/wp\/v2\/users\/1"}],"replies":[{"embeddable":true,"href":"https:\/\/divolandiaweddings.com\/en\/wp-json\/wp\/v2\/comments?post=12"}],"version-history":[{"count":97,"href":"https:\/\/divolandiaweddings.com\/en\/wp-json\/wp\/v2\/pages\/12\/revisions"}],"predecessor-version":[{"id":416,"href":"https:\/\/divolandiaweddings.com\/en\/wp-json\/wp\/v2\/pages\/12\/revisions\/416"}],"wp:attachment":[{"href":"https:\/\/divolandiaweddings.com\/en\/wp-json\/wp\/v2\/media?parent=12"}],"curies":[{"name":"wp","href":"https:\/\/api.w.org\/{rel}","templated":true}]}}